{"id":2331,"date":"2026-04-05T14:05:45","date_gmt":"2026-04-05T12:05:45","guid":{"rendered":"https:\/\/22bulutb.bplaced.net\/?page_id=2331"},"modified":"2026-04-05T14:54:20","modified_gmt":"2026-04-05T12:54:20","slug":"tiere","status":"publish","type":"page","link":"https:\/\/22bulutb.bplaced.net\/?page_id=2331","title":{"rendered":"Tiere"},"content":{"rendered":"\t\t<div data-elementor-type=\"wp-page\" data-elementor-id=\"2331\" class=\"elementor elementor-2331\">\n\t\t\t\t\t\t<section class=\"elementor-section elementor-top-section elementor-element elementor-element-415acde0 elementor-section-boxed elementor-section-height-default elementor-section-height-default wpr-particle-no wpr-jarallax-no wpr-parallax-no wpr-sticky-section-no\" data-id=\"415acde0\" data-element_type=\"section\" data-settings=\"{&quot;background_background&quot;:&quot;classic&quot;}\">\n\t\t\t\t\t\t\t<div class=\"elementor-background-overlay\"><\/div>\n\t\t\t\t\t\t\t<div class=\"elementor-container elementor-column-gap-default\">\n\t\t\t\t\t<div class=\"elementor-column elementor-col-100 elementor-top-column elementor-element elementor-element-7dd66656\" data-id=\"7dd66656\" data-element_type=\"column\">\n\t\t\t<div class=\"elementor-widget-wrap elementor-element-populated\">\n\t\t\t\t\t\t<div class=\"elementor-element elementor-element-45c17458 elementor-widget elementor-widget-heading\" data-id=\"45c17458\" data-element_type=\"widget\" data-widget_type=\"heading.default\">\n\t\t\t\t<div class=\"elementor-widget-container\">\n\t\t\t\t\t<h2 class=\"elementor-heading-title elementor-size-default\">Tierfotografie<\/h2>\t\t\t\t<\/div>\n\t\t\t\t<\/div>\n\t\t\t\t\t<\/div>\n\t\t<\/div>\n\t\t\t\t\t<\/div>\n\t\t<\/section>\n\t\t\t\t<section class=\"elementor-section elementor-top-section elementor-element elementor-element-6804301b elementor-section-boxed elementor-section-height-default elementor-section-height-default wpr-particle-no wpr-jarallax-no wpr-parallax-no wpr-sticky-section-no\" data-id=\"6804301b\" data-element_type=\"section\">\n\t\t\t\t\t\t<div class=\"elementor-container elementor-column-gap-default\">\n\t\t\t\t\t<div class=\"elementor-column elementor-col-50 elementor-top-column elementor-element elementor-element-75b25fc2\" data-id=\"75b25fc2\" data-element_type=\"column\">\n\t\t\t<div class=\"elementor-widget-wrap elementor-element-populated\">\n\t\t\t\t\t\t<div class=\"elementor-element elementor-element-5ec22998 elementor-widget elementor-widget-heading\" data-id=\"5ec22998\" data-element_type=\"widget\" data-widget_type=\"heading.default\">\n\t\t\t\t<div class=\"elementor-widget-container\">\n\t\t\t\t\t<h2 class=\"elementor-heading-title elementor-size-default\">Fotografie\nTiere<\/h2>\t\t\t\t<\/div>\n\t\t\t\t<\/div>\n\t\t\t\t<div class=\"elementor-element elementor-element-446609b5 elementor-widget-divider--view-line elementor-widget elementor-widget-divider\" data-id=\"446609b5\" data-element_type=\"widget\" data-widget_type=\"divider.default\">\n\t\t\t\t<div class=\"elementor-widget-container\">\n\t\t\t\t\t\t\t<div class=\"elementor-divider\">\n\t\t\t<span class=\"elementor-divider-separator\">\n\t\t\t\t\t\t<\/span>\n\t\t<\/div>\n\t\t\t\t\t\t<\/div>\n\t\t\t\t<\/div>\n\t\t\t\t<div class=\"elementor-element elementor-element-68d2203f elementor-widget elementor-widget-text-editor\" data-id=\"68d2203f\" data-element_type=\"widget\" data-widget_type=\"text-editor.default\">\n\t\t\t\t<div class=\"elementor-widget-container\">\n\t\t\t\t\t\t\t\t\t<p>Die Tierfotografie befasst sich mit der Aufnahme lebender Tiere, bevorzugt im nat\u00fcrlichen Lebensraum. Aber auch Aufnahmen im Zoo oder Aquarium werden durchaus hinzugez\u00e4hlt.<\/p>\t\t\t\t\t\t\t\t<\/div>\n\t\t\t\t<\/div>\n\t\t\t\t<div class=\"elementor-element elementor-element-37f1d275 wpr-button-icon-style-inline wpr-button-icon-position-right elementor-widget elementor-widget-wpr-button\" data-id=\"37f1d275\" data-element_type=\"widget\" data-widget_type=\"wpr-button.default\">\n\t\t\t\t<div class=\"elementor-widget-container\">\n\t\t\t\t\t\t\n\t\t\t\n\t\t\n\t\t<div class=\"wpr-button-wrap elementor-clearfix\">\n\t\t<a class=\"wpr-button wpr-button-effect wpr-button-none\" data-text=\"Go\" href=\"https:\/\/de.wikipedia.org\/wiki\/Tierfotografie\">\n\t\t\t\n\t\t\t<span class=\"wpr-button-content\">\n\t\t\t\t\t\t\t\t\t<span class=\"wpr-button-text\">erfahre mehr<\/span>\n\t\t\t\t\t\t\t\t\n\t\t\t\t\t\t\t<\/span>\n\t\t<\/a>\n\n\t\t\t\t<\/div>\n\t\n\t\n\t\t\t\t\t<\/div>\n\t\t\t\t<\/div>\n\t\t\t\t\t<\/div>\n\t\t<\/div>\n\t\t\t\t<div class=\"elementor-column elementor-col-50 elementor-top-column elementor-element elementor-element-6d5c64fa\" data-id=\"6d5c64fa\" data-element_type=\"column\">\n\t\t\t<div class=\"elementor-widget-wrap elementor-element-populated\">\n\t\t\t\t\t\t<div class=\"elementor-element elementor-element-77ae859f elementor-widget elementor-widget-image\" data-id=\"77ae859f\" data-element_type=\"widget\" data-widget_type=\"image.default\">\n\t\t\t\t<div class=\"elementor-widget-container\">\n\t\t\t\t\t\t\t\t\t\t\t\t\t\t\t<img fetchpriority=\"high\" decoding=\"async\" width=\"800\" height=\"533\" src=\"https:\/\/22bulutb.bplaced.net\/wp-content\/uploads\/2026\/04\/eichhoernchen-at-at-animals-824973-jpg-84184--1024x682.jpg\" class=\"attachment-large size-large wp-image-2337\" alt=\"\" srcset=\"https:\/\/22bulutb.bplaced.net\/wp-content\/uploads\/2026\/04\/eichhoernchen-at-at-animals-824973-jpg-84184--1024x682.jpg 1024w, https:\/\/22bulutb.bplaced.net\/wp-content\/uploads\/2026\/04\/eichhoernchen-at-at-animals-824973-jpg-84184--300x200.jpg 300w, https:\/\/22bulutb.bplaced.net\/wp-content\/uploads\/2026\/04\/eichhoernchen-at-at-animals-824973-jpg-84184--768x511.jpg 768w, https:\/\/22bulutb.bplaced.net\/wp-content\/uploads\/2026\/04\/eichhoernchen-at-at-animals-824973-jpg-84184-.jpg 1440w\" sizes=\"(max-width: 800px) 100vw, 800px\" \/>\t\t\t\t\t\t\t\t\t\t\t\t\t\t\t<\/div>\n\t\t\t\t<\/div>\n\t\t\t\t\t<\/div>\n\t\t<\/div>\n\t\t\t\t\t<\/div>\n\t\t<\/section>\n\t\t\t\t<section class=\"elementor-section elementor-top-section elementor-element elementor-element-fb43ffb elementor-section-boxed elementor-section-height-default elementor-section-height-default wpr-particle-no wpr-jarallax-no wpr-parallax-no wpr-sticky-section-no\" data-id=\"fb43ffb\" data-element_type=\"section\">\n\t\t\t\t\t\t<div class=\"elementor-container elementor-column-gap-default\">\n\t\t\t\t\t<div class=\"elementor-column elementor-col-100 elementor-top-column elementor-element elementor-element-d2cc97f\" data-id=\"d2cc97f\" data-element_type=\"column\">\n\t\t\t<div class=\"elementor-widget-wrap elementor-element-populated\">\n\t\t\t\t\t\t<div class=\"elementor-element elementor-element-3e35d03 elementor-widget elementor-widget-video\" data-id=\"3e35d03\" data-element_type=\"widget\" data-settings=\"{&quot;youtube_url&quot;:&quot;https:\\\/\\\/www.youtube.com\\\/watch?v=L7DSV1Z0GnQ&amp;t=1s&quot;,&quot;video_type&quot;:&quot;youtube&quot;,&quot;controls&quot;:&quot;yes&quot;}\" data-widget_type=\"video.default\">\n\t\t\t\t<div class=\"elementor-widget-container\">\n\t\t\t\t\t\t\t<div class=\"elementor-wrapper elementor-open-inline\">\n\t\t\t<div class=\"elementor-video\"><\/div>\t\t<\/div>\n\t\t\t\t\t\t<\/div>\n\t\t\t\t<\/div>\n\t\t\t\t\t<\/div>\n\t\t<\/div>\n\t\t\t\t\t<\/div>\n\t\t<\/section>\n\t\t\t\t<section class=\"elementor-section elementor-top-section elementor-element elementor-element-c273bf elementor-section-boxed elementor-section-height-default elementor-section-height-default wpr-particle-no wpr-jarallax-no wpr-parallax-no wpr-sticky-section-no\" data-id=\"c273bf\" data-element_type=\"section\">\n\t\t\t\t\t\t<div class=\"elementor-container elementor-column-gap-default\">\n\t\t\t\t\t<div class=\"elementor-column elementor-col-33 elementor-top-column elementor-element elementor-element-3c8fda30\" data-id=\"3c8fda30\" data-element_type=\"column\">\n\t\t\t<div class=\"elementor-widget-wrap elementor-element-populated\">\n\t\t\t\t\t\t<div class=\"elementor-element elementor-element-8d6a0dd elementor-widget elementor-widget-heading\" data-id=\"8d6a0dd\" data-element_type=\"widget\" data-widget_type=\"heading.default\">\n\t\t\t\t<div class=\"elementor-widget-container\">\n\t\t\t\t\t<h2 class=\"elementor-heading-title elementor-size-default\">Ein paar Eindr\u00fccke<\/h2>\t\t\t\t<\/div>\n\t\t\t\t<\/div>\n\t\t\t\t<div class=\"elementor-element elementor-element-187b27a5 elementor-widget-divider--view-line elementor-widget elementor-widget-divider\" data-id=\"187b27a5\" data-element_type=\"widget\" data-widget_type=\"divider.default\">\n\t\t\t\t<div class=\"elementor-widget-container\">\n\t\t\t\t\t\t\t<div class=\"elementor-divider\">\n\t\t\t<span class=\"elementor-divider-separator\">\n\t\t\t\t\t\t<\/span>\n\t\t<\/div>\n\t\t\t\t\t\t<\/div>\n\t\t\t\t<\/div>\n\t\t\t\t\t<\/div>\n\t\t<\/div>\n\t\t\t\t<div class=\"elementor-column elementor-col-33 elementor-top-column elementor-element elementor-element-4ab2e96d\" data-id=\"4ab2e96d\" data-element_type=\"column\">\n\t\t\t<div class=\"elementor-widget-wrap elementor-element-populated\">\n\t\t\t\t\t\t<div class=\"elementor-element elementor-element-24e112b4 elementor-widget elementor-widget-image\" data-id=\"24e112b4\" data-element_type=\"widget\" data-widget_type=\"image.default\">\n\t\t\t\t<div class=\"elementor-widget-container\">\n\t\t\t\t\t\t\t\t\t\t\t\t\t\t\t<img decoding=\"async\" width=\"781\" height=\"1024\" src=\"https:\/\/22bulutb.bplaced.net\/wp-content\/uploads\/2026\/01\/image-1-781x1024.jpg\" class=\"attachment-large size-large wp-image-2069\" alt=\"\" srcset=\"https:\/\/22bulutb.bplaced.net\/wp-content\/uploads\/2026\/01\/image-1-781x1024.jpg 781w, https:\/\/22bulutb.bplaced.net\/wp-content\/uploads\/2026\/01\/image-1-229x300.jpg 229w, https:\/\/22bulutb.bplaced.net\/wp-content\/uploads\/2026\/01\/image-1-768x1007.jpg 768w, https:\/\/22bulutb.bplaced.net\/wp-content\/uploads\/2026\/01\/image-1.jpg 900w\" sizes=\"(max-width: 781px) 100vw, 781px\" \/>\t\t\t\t\t\t\t\t\t\t\t\t\t\t\t<\/div>\n\t\t\t\t<\/div>\n\t\t\t\t<div class=\"elementor-element elementor-element-1d7d3bef elementor-widget elementor-widget-image\" data-id=\"1d7d3bef\" data-element_type=\"widget\" data-widget_type=\"image.default\">\n\t\t\t\t<div class=\"elementor-widget-container\">\n\t\t\t\t\t\t\t\t\t\t\t\t\t\t\t<img decoding=\"async\" width=\"555\" height=\"475\" src=\"https:\/\/22bulutb.bplaced.net\/wp-content\/uploads\/2026\/04\/21322-eichhoernchen.jpg\" class=\"attachment-large size-large wp-image-2341\" alt=\"\" srcset=\"https:\/\/22bulutb.bplaced.net\/wp-content\/uploads\/2026\/04\/21322-eichhoernchen.jpg 555w, https:\/\/22bulutb.bplaced.net\/wp-content\/uploads\/2026\/04\/21322-eichhoernchen-300x257.jpg 300w\" sizes=\"(max-width: 555px) 100vw, 555px\" \/>\t\t\t\t\t\t\t\t\t\t\t\t\t\t\t<\/div>\n\t\t\t\t<\/div>\n\t\t\t\t\t<\/div>\n\t\t<\/div>\n\t\t\t\t<div class=\"elementor-column elementor-col-33 elementor-top-column elementor-element elementor-element-5cf4fa2f\" data-id=\"5cf4fa2f\" data-element_type=\"column\">\n\t\t\t<div class=\"elementor-widget-wrap elementor-element-populated\">\n\t\t\t\t\t\t<div class=\"elementor-element elementor-element-3bf28435 elementor-widget elementor-widget-image\" data-id=\"3bf28435\" data-element_type=\"widget\" data-widget_type=\"image.default\">\n\t\t\t\t<div class=\"elementor-widget-container\">\n\t\t\t\t\t\t\t\t\t\t\t\t\t\t\t<img loading=\"lazy\" decoding=\"async\" width=\"800\" height=\"534\" src=\"https:\/\/22bulutb.bplaced.net\/wp-content\/uploads\/2026\/04\/bilder-fotos-fotografie-foto-tipps-lernen-tutorial-natur-kamera-spiegelreflex-bridgekamera-kameraeinstellungen-kameralinsen-stativ-katze-tierfotografie-1024x683.jpg\" class=\"attachment-large size-large wp-image-2343\" alt=\"\" srcset=\"https:\/\/22bulutb.bplaced.net\/wp-content\/uploads\/2026\/04\/bilder-fotos-fotografie-foto-tipps-lernen-tutorial-natur-kamera-spiegelreflex-bridgekamera-kameraeinstellungen-kameralinsen-stativ-katze-tierfotografie-1024x683.jpg 1024w, https:\/\/22bulutb.bplaced.net\/wp-content\/uploads\/2026\/04\/bilder-fotos-fotografie-foto-tipps-lernen-tutorial-natur-kamera-spiegelreflex-bridgekamera-kameraeinstellungen-kameralinsen-stativ-katze-tierfotografie-300x200.jpg 300w, https:\/\/22bulutb.bplaced.net\/wp-content\/uploads\/2026\/04\/bilder-fotos-fotografie-foto-tipps-lernen-tutorial-natur-kamera-spiegelreflex-bridgekamera-kameraeinstellungen-kameralinsen-stativ-katze-tierfotografie-768x512.jpg 768w, https:\/\/22bulutb.bplaced.net\/wp-content\/uploads\/2026\/04\/bilder-fotos-fotografie-foto-tipps-lernen-tutorial-natur-kamera-spiegelreflex-bridgekamera-kameraeinstellungen-kameralinsen-stativ-katze-tierfotografie.jpg 1200w\" sizes=\"(max-width: 800px) 100vw, 800px\" \/>\t\t\t\t\t\t\t\t\t\t\t\t\t\t\t<\/div>\n\t\t\t\t<\/div>\n\t\t\t\t<div class=\"elementor-element elementor-element-106b5dbf elementor-widget elementor-widget-image\" data-id=\"106b5dbf\" data-element_type=\"widget\" data-widget_type=\"image.default\">\n\t\t\t\t<div class=\"elementor-widget-container\">\n\t\t\t\t\t\t\t\t\t\t\t\t\t\t\t<img loading=\"lazy\" decoding=\"async\" width=\"686\" height=\"900\" src=\"https:\/\/22bulutb.bplaced.net\/wp-content\/uploads\/2026\/01\/image-2.jpg\" class=\"attachment-large size-large wp-image-2070\" alt=\"\" srcset=\"https:\/\/22bulutb.bplaced.net\/wp-content\/uploads\/2026\/01\/image-2.jpg 686w, https:\/\/22bulutb.bplaced.net\/wp-content\/uploads\/2026\/01\/image-2-229x300.jpg 229w\" sizes=\"(max-width: 686px) 100vw, 686px\" \/>\t\t\t\t\t\t\t\t\t\t\t\t\t\t\t<\/div>\n\t\t\t\t<\/div>\n\t\t\t\t\t<\/div>\n\t\t<\/div>\n\t\t\t\t\t<\/div>\n\t\t<\/section>\n\t\t\t\t<section class=\"elementor-section elementor-top-section elementor-element elementor-element-862def5 elementor-section-boxed elementor-section-height-default elementor-section-height-default wpr-particle-no wpr-jarallax-no wpr-parallax-no wpr-sticky-section-no\" data-id=\"862def5\" data-element_type=\"section\">\n\t\t\t\t\t\t<div class=\"elementor-container elementor-column-gap-default\">\n\t\t\t\t\t<div class=\"elementor-column elementor-col-100 elementor-top-column elementor-element elementor-element-f5bf228\" data-id=\"f5bf228\" data-element_type=\"column\">\n\t\t\t<div class=\"elementor-widget-wrap elementor-element-populated\">\n\t\t\t\t\t\t<div class=\"elementor-element elementor-element-0ca3be3 elementor-align-center elementor-widget elementor-widget-button\" data-id=\"0ca3be3\" data-element_type=\"widget\" data-widget_type=\"button.default\">\n\t\t\t\t<div class=\"elementor-widget-container\">\n\t\t\t\t\t\t\t\t\t<div class=\"elementor-button-wrapper\">\n\t\t\t\t\t<a class=\"elementor-button elementor-button-link elementor-size-sm\" href=\"https:\/\/22bulutb.bplaced.net\/?page_id=1917\">\n\t\t\t\t\t\t<span class=\"elementor-button-content-wrapper\">\n\t\t\t\t\t\t\t\t\t<span class=\"elementor-button-text\">Hier klicken um auf die Startseite zu gelangen<\/span>\n\t\t\t\t\t<\/span>\n\t\t\t\t\t<\/a>\n\t\t\t\t<\/div>\n\t\t\t\t\t\t\t\t<\/div>\n\t\t\t\t<\/div>\n\t\t\t\t\t<\/div>\n\t\t<\/div>\n\t\t\t\t\t<\/div>\n\t\t<\/section>\n\t\t\t\t<\/div>\n\t\t","protected":false},"excerpt":{"rendered":"<p>Tierfotografie Fotografie Tiere Die Tierfotografie befasst sich mit der Aufnahme lebender Tiere, bevorzugt im nat\u00fcrlichen Lebensraum. Aber auch Aufnahmen im Zoo oder Aquarium werden durchaus hinzugez\u00e4hlt. erfahre mehr Ein paar Eindr\u00fccke Hier klicken um auf die Startseite zu gelangen<\/p>\n","protected":false},"author":2,"featured_media":0,"parent":0,"menu_order":0,"comment_status":"closed","ping_status":"closed","template":"","meta":{"footnotes":""},"class_list":["post-2331","page","type-page","status-publish","hentry"],"_links":{"self":[{"href":"https:\/\/22bulutb.bplaced.net\/index.php?rest_route=\/wp\/v2\/pages\/2331","targetHints":{"allow":["GET"]}}],"collection":[{"href":"https:\/\/22bulutb.bplaced.net\/index.php?rest_route=\/wp\/v2\/pages"}],"about":[{"href":"https:\/\/22bulutb.bplaced.net\/index.php?rest_route=\/wp\/v2\/types\/page"}],"author":[{"embeddable":true,"href":"https:\/\/22bulutb.bplaced.net\/index.php?rest_route=\/wp\/v2\/users\/2"}],"replies":[{"embeddable":true,"href":"https:\/\/22bulutb.bplaced.net\/index.php?rest_route=%2Fwp%2Fv2%2Fcomments&post=2331"}],"version-history":[{"count":13,"href":"https:\/\/22bulutb.bplaced.net\/index.php?rest_route=\/wp\/v2\/pages\/2331\/revisions"}],"predecessor-version":[{"id":2394,"href":"https:\/\/22bulutb.bplaced.net\/index.php?rest_route=\/wp\/v2\/pages\/2331\/revisions\/2394"}],"wp:attachment":[{"href":"https:\/\/22bulutb.bplaced.net\/index.php?rest_route=%2Fwp%2Fv2%2Fmedia&parent=2331"}],"curies":[{"name":"wp","href":"https:\/\/api.w.org\/{rel}","templated":true}]}}