{"id":231,"date":"2023-12-15T09:21:55","date_gmt":"2023-12-15T08:21:55","guid":{"rendered":"https:\/\/22bulutb.bplaced.net\/?page_id=231"},"modified":"2026-04-06T22:03:52","modified_gmt":"2026-04-06T20:03:52","slug":"vereine","status":"publish","type":"page","link":"https:\/\/22bulutb.bplaced.net\/?page_id=231","title":{"rendered":"Vereine"},"content":{"rendered":"\t\t<div data-elementor-type=\"wp-page\" data-elementor-id=\"231\" class=\"elementor elementor-231\">\n\t\t\t\t\t\t<section class=\"elementor-section elementor-top-section elementor-element elementor-element-5865610e elementor-section-stretched elementor-section-items-stretch elementor-section-content-bottom elementor-section-height-min-height elementor-section-boxed elementor-section-height-default wpr-particle-no wpr-jarallax-no wpr-parallax-no wpr-sticky-section-no\" data-id=\"5865610e\" data-element_type=\"section\" data-settings=\"{&quot;stretch_section&quot;:&quot;section-stretched&quot;,&quot;background_background&quot;:&quot;classic&quot;}\">\n\t\t\t\t\t\t\t<div class=\"elementor-background-overlay\"><\/div>\n\t\t\t\t\t\t\t<div class=\"elementor-container elementor-column-gap-no\">\n\t\t\t\t\t<div class=\"elementor-column elementor-col-100 elementor-top-column elementor-element elementor-element-279e7f1\" data-id=\"279e7f1\" data-element_type=\"column\" data-settings=\"{&quot;background_background&quot;:&quot;gradient&quot;}\">\n\t\t\t<div class=\"elementor-widget-wrap elementor-element-populated\">\n\t\t\t\t\t\t<div class=\"elementor-element elementor-element-2e799289 elementor-invisible elementor-widget elementor-widget-heading\" data-id=\"2e799289\" data-element_type=\"widget\" data-settings=\"{&quot;_animation&quot;:&quot;fadeIn&quot;}\" data-widget_type=\"heading.default\">\n\t\t\t\t<div class=\"elementor-widget-container\">\n\t\t\t\t\t<h2 class=\"elementor-heading-title elementor-size-default\">Meine Vereine<\/h2>\t\t\t\t<\/div>\n\t\t\t\t<\/div>\n\t\t\t\t\t<\/div>\n\t\t<\/div>\n\t\t\t\t\t<\/div>\n\t\t<\/section>\n\t\t\t\t<section class=\"elementor-section elementor-top-section elementor-element elementor-element-38eb9094 elementor-section-content-middle elementor-section-full_width elementor-section-height-default elementor-section-height-default wpr-particle-no wpr-jarallax-no wpr-parallax-no wpr-sticky-section-no\" data-id=\"38eb9094\" data-element_type=\"section\" data-settings=\"{&quot;background_background&quot;:&quot;classic&quot;}\">\n\t\t\t\t\t\t<div class=\"elementor-container elementor-column-gap-wide\">\n\t\t\t\t\t<div class=\"elementor-column elementor-col-50 elementor-top-column elementor-element elementor-element-455e5f1b\" data-id=\"455e5f1b\" data-element_type=\"column\" data-settings=\"{&quot;background_background&quot;:&quot;classic&quot;}\">\n\t\t\t<div class=\"elementor-widget-wrap\">\n\t\t\t\t\t<div class=\"elementor-background-overlay\"><\/div>\n\t\t\t\t\t\t\t<\/div>\n\t\t<\/div>\n\t\t\t\t<div class=\"elementor-column elementor-col-50 elementor-top-column elementor-element elementor-element-68f5a207\" data-id=\"68f5a207\" data-element_type=\"column\">\n\t\t\t<div class=\"elementor-widget-wrap elementor-element-populated\">\n\t\t\t\t\t\t<div class=\"elementor-element elementor-element-ee184d elementor-invisible elementor-widget elementor-widget-heading\" data-id=\"ee184d\" data-element_type=\"widget\" data-settings=\"{&quot;_animation&quot;:&quot;fadeIn&quot;}\" data-widget_type=\"heading.default\">\n\t\t\t\t<div class=\"elementor-widget-container\">\n\t\t\t\t\t<h2 class=\"elementor-heading-title elementor-size-large\">MEine erste Mannschaft<\/h2>\t\t\t\t<\/div>\n\t\t\t\t<\/div>\n\t\t\t\t<div class=\"elementor-element elementor-element-748527f4 elementor-widget elementor-widget-heading\" data-id=\"748527f4\" data-element_type=\"widget\" data-widget_type=\"heading.default\">\n\t\t\t\t<div class=\"elementor-widget-container\">\n\t\t\t\t\t<h2 class=\"elementor-heading-title elementor-size-default\">SV HALL<\/h2>\t\t\t\t<\/div>\n\t\t\t\t<\/div>\n\t\t\t\t<div class=\"elementor-element elementor-element-170a2875 elementor-widget-divider--view-line elementor-invisible elementor-widget elementor-widget-divider\" data-id=\"170a2875\" data-element_type=\"widget\" data-settings=\"{&quot;_animation&quot;:&quot;fadeInUp&quot;}\" data-widget_type=\"divider.default\">\n\t\t\t\t<div class=\"elementor-widget-container\">\n\t\t\t\t\t\t\t<div class=\"elementor-divider\">\n\t\t\t<span class=\"elementor-divider-separator\">\n\t\t\t\t\t\t<\/span>\n\t\t<\/div>\n\t\t\t\t\t\t<\/div>\n\t\t\t\t<\/div>\n\t\t\t\t<div class=\"elementor-element elementor-element-50825ee1 elementor-widget elementor-widget-text-editor\" data-id=\"50825ee1\" data-element_type=\"widget\" data-widget_type=\"text-editor.default\">\n\t\t\t\t<div class=\"elementor-widget-container\">\n\t\t\t\t\t\t\t\t\t<div class=\"flex-1 overflow-hidden\"><div class=\"react-scroll-to-bottom--css-uykms-79elbk h-full\"><div class=\"react-scroll-to-bottom--css-uykms-1n7m0yu\"><div class=\"flex flex-col pb-9 text-sm\"><div class=\"w-full text-token-text-primary\" data-testid=\"conversation-turn-79\"><div class=\"px-4 py-2 justify-center text-base md:gap-6 m-auto\"><div class=\"flex flex-1 text-base mx-auto gap-3 md:px-5 lg:px-1 xl:px-5 md:max-w-3xl lg:max-w-[40rem] xl:max-w-[48rem] group final-completion\"><div class=\"relative flex w-full flex-col lg:w-[calc(100%-115px)] agent-turn\"><div class=\"flex-col gap-1 md:gap-3\"><div class=\"flex flex-grow flex-col max-w-full\"><div class=\"min-h-[20px] text-message flex flex-col items-start gap-3 whitespace-pre-wrap break-words [.text-message+&amp;]:mt-5 overflow-x-auto\" data-message-author-role=\"assistant\" data-message-id=\"243cba96-0ebb-4dfb-9e50-3bda48600163\"><div class=\"markdown prose w-full break-words dark:prose-invert light\"><p>Es ist vielen bekannt, dass ich mit sechs Jahren angefangen habe, Fu\u00dfball in Sv Hall zu spielen. Ich hatte unglaublich viel Spa\u00df am Fu\u00dfball und habe mich st\u00e4ndig weiterentwickelt, bis ich schlie\u00dflich zum Stammtorwart der zweiten Kampfmannschaft ernannt wurde. Aufgrund meiner Gr\u00f6\u00dfe hatte ich immer einen Vorteil gegen\u00fcber anderen Torh\u00fctern \u2013 zumindest hat mir das immer mein Torwarttrainer gesagt. Ich war \u00e4u\u00dferst talentiert, und das bin ich immer noch. Ich habe meine k\u00f6rperlichen Vorteile immer ausgenutzt. Schlie\u00dflich hatte ich auch die M\u00f6glichkeit, in der ersten Mannschaft zu trainieren. Zweimal pro Woche absolvierte ich spezielles Torwarttraining, und das Fu\u00dfballspielen bereitete mir unglaubliche Freude. Doch irgendwann kam der Punkt, an dem ich das Gef\u00fchl hatte, dass ich die Mannschaft wechseln sollte. Die Mannschaft, in der ich spielte, schien nicht mehr meinen Ambitionen und Tr\u00e4umen zu entsprechen. Ich hatte das feste Ziel, Profifu\u00dfballer zu werden, und daf\u00fcr musste ich den n\u00e4chsten Schritt gehen.<\/p><\/div><\/div><\/div><\/div><\/div><\/div><\/div><\/div><\/div><\/div><\/div><\/div>\t\t\t\t\t\t\t\t<\/div>\n\t\t\t\t<\/div>\n\t\t\t\t\t<\/div>\n\t\t<\/div>\n\t\t\t\t\t<\/div>\n\t\t<\/section>\n\t\t\t\t<section class=\"elementor-section elementor-top-section elementor-element elementor-element-3ac4b0d elementor-section-content-middle elementor-section-full_width elementor-section-height-default elementor-section-height-default wpr-particle-no wpr-jarallax-no wpr-parallax-no wpr-sticky-section-no\" data-id=\"3ac4b0d\" data-element_type=\"section\" data-settings=\"{&quot;background_background&quot;:&quot;classic&quot;}\">\n\t\t\t\t\t\t<div class=\"elementor-container elementor-column-gap-wide\">\n\t\t\t\t\t<div class=\"elementor-column elementor-col-100 elementor-top-column elementor-element elementor-element-ae3abd6\" data-id=\"ae3abd6\" data-element_type=\"column\">\n\t\t\t<div class=\"elementor-widget-wrap elementor-element-populated\">\n\t\t\t\t\t\t<div class=\"elementor-element elementor-element-fbd266d elementor-widget elementor-widget-heading\" data-id=\"fbd266d\" data-element_type=\"widget\" data-widget_type=\"heading.default\">\n\t\t\t\t<div class=\"elementor-widget-container\">\n\t\t\t\t\t<h2 class=\"elementor-heading-title elementor-size-default\">SV ABSAM<\/h2>\t\t\t\t<\/div>\n\t\t\t\t<\/div>\n\t\t\t\t<div class=\"elementor-element elementor-element-08d3779 elementor-widget-divider--view-line elementor-invisible elementor-widget elementor-widget-divider\" data-id=\"08d3779\" data-element_type=\"widget\" data-settings=\"{&quot;_animation&quot;:&quot;fadeInUp&quot;}\" data-widget_type=\"divider.default\">\n\t\t\t\t<div class=\"elementor-widget-container\">\n\t\t\t\t\t\t\t<div class=\"elementor-divider\">\n\t\t\t<span class=\"elementor-divider-separator\">\n\t\t\t\t\t\t<\/span>\n\t\t<\/div>\n\t\t\t\t\t\t<\/div>\n\t\t\t\t<\/div>\n\t\t\t\t<div class=\"elementor-element elementor-element-1b0455d elementor-widget elementor-widget-text-editor\" data-id=\"1b0455d\" data-element_type=\"widget\" data-widget_type=\"text-editor.default\">\n\t\t\t\t<div class=\"elementor-widget-container\">\n\t\t\t\t\t\t\t\t\t<div class=\"flex-1 overflow-hidden\"><div class=\"react-scroll-to-bottom--css-uykms-79elbk h-full\"><div class=\"react-scroll-to-bottom--css-uykms-1n7m0yu\"><div class=\"flex flex-col pb-9 text-sm\"><div class=\"w-full text-token-text-primary\" data-testid=\"conversation-turn-81\"><div class=\"px-4 py-2 justify-center text-base md:gap-6 m-auto\"><div class=\"flex flex-1 text-base mx-auto gap-3 md:px-5 lg:px-1 xl:px-5 md:max-w-3xl lg:max-w-[40rem] xl:max-w-[48rem] group final-completion\"><div class=\"relative flex w-full flex-col lg:w-[calc(100%-115px)] agent-turn\"><div class=\"flex-col gap-1 md:gap-3\"><div class=\"flex flex-grow flex-col max-w-full\"><div class=\"min-h-[20px] text-message flex flex-col items-start gap-3 whitespace-pre-wrap break-words [.text-message+&amp;]:mt-5 overflow-x-auto\" data-message-author-role=\"assistant\" data-message-id=\"00d04c36-d33a-468e-8be1-15bc9068e4dc\"><div class=\"markdown prose w-full break-words dark:prose-invert light\"><p>In Absam spielte ich nur ein Jahr lang, haupts\u00e4chlich aufgrund meines fr\u00fcheren Trainers. Leider waren wir in der Liga nicht so erfolgreich. Dennoch muss ich sagen, dass die Mannschaft sehr professionell war. Wir unternahmen oft gemeinsame Aktivit\u00e4ten wie gemeinsames Essen und Ausfl\u00fcge, was meiner Meinung nach zu einem starken Teamgeist beitrug. R\u00fcckblickend bin ich definitiv froh \u00fcber meinen Wechsel dorthin und die wundervolle Zeit, die ich mit meinen Freunden dort verbracht habe. Mein Transfer war zweifellos die richtige Entscheidung.<\/p><\/div><\/div><\/div><\/div><\/div><\/div><\/div><\/div><\/div><\/div><\/div><\/div>\t\t\t\t\t\t\t\t<\/div>\n\t\t\t\t<\/div>\n\t\t\t\t\t<\/div>\n\t\t<\/div>\n\t\t\t\t\t<\/div>\n\t\t<\/section>\n\t\t\t\t<section class=\"elementor-section elementor-top-section elementor-element elementor-element-4f0fd27 elementor-section-content-middle elementor-section-full_width elementor-section-height-default elementor-section-height-default wpr-particle-no wpr-jarallax-no wpr-parallax-no wpr-sticky-section-no\" data-id=\"4f0fd27\" data-element_type=\"section\" data-settings=\"{&quot;background_background&quot;:&quot;classic&quot;}\">\n\t\t\t\t\t\t<div class=\"elementor-container elementor-column-gap-wide\">\n\t\t\t\t\t<div class=\"elementor-column elementor-col-50 elementor-top-column elementor-element elementor-element-bfd13a5\" data-id=\"bfd13a5\" data-element_type=\"column\" data-settings=\"{&quot;background_background&quot;:&quot;classic&quot;}\">\n\t\t\t<div class=\"elementor-widget-wrap\">\n\t\t\t\t\t<div class=\"elementor-background-overlay\"><\/div>\n\t\t\t\t\t\t\t<\/div>\n\t\t<\/div>\n\t\t\t\t<div class=\"elementor-column elementor-col-50 elementor-top-column elementor-element elementor-element-71ddd10\" data-id=\"71ddd10\" data-element_type=\"column\">\n\t\t\t<div class=\"elementor-widget-wrap elementor-element-populated\">\n\t\t\t\t\t\t<div class=\"elementor-element elementor-element-e2614ed elementor-invisible elementor-widget elementor-widget-heading\" data-id=\"e2614ed\" data-element_type=\"widget\" data-settings=\"{&quot;_animation&quot;:&quot;fadeIn&quot;}\" data-widget_type=\"heading.default\">\n\t\t\t\t<div class=\"elementor-widget-container\">\n\t\t\t\t\t<h2 class=\"elementor-heading-title elementor-size-large\">MEin Schritt zu Profi <\/h2>\t\t\t\t<\/div>\n\t\t\t\t<\/div>\n\t\t\t\t<div class=\"elementor-element elementor-element-77c0990 elementor-widget elementor-widget-heading\" data-id=\"77c0990\" data-element_type=\"widget\" data-widget_type=\"heading.default\">\n\t\t\t\t<div class=\"elementor-widget-container\">\n\t\t\t\t\t<h2 class=\"elementor-heading-title elementor-size-default\">WSG WATTENS<\/h2>\t\t\t\t<\/div>\n\t\t\t\t<\/div>\n\t\t\t\t<div class=\"elementor-element elementor-element-b2d9264 elementor-widget-divider--view-line elementor-invisible elementor-widget elementor-widget-divider\" data-id=\"b2d9264\" data-element_type=\"widget\" data-settings=\"{&quot;_animation&quot;:&quot;fadeInUp&quot;}\" data-widget_type=\"divider.default\">\n\t\t\t\t<div class=\"elementor-widget-container\">\n\t\t\t\t\t\t\t<div class=\"elementor-divider\">\n\t\t\t<span class=\"elementor-divider-separator\">\n\t\t\t\t\t\t<\/span>\n\t\t<\/div>\n\t\t\t\t\t\t<\/div>\n\t\t\t\t<\/div>\n\t\t\t\t<div class=\"elementor-element elementor-element-ad3b4ed elementor-widget elementor-widget-text-editor\" data-id=\"ad3b4ed\" data-element_type=\"widget\" data-widget_type=\"text-editor.default\">\n\t\t\t\t<div class=\"elementor-widget-container\">\n\t\t\t\t\t\t\t\t\t<div class=\"flex-1 overflow-hidden\"><div class=\"react-scroll-to-bottom--css-uykms-79elbk h-full\"><div class=\"react-scroll-to-bottom--css-uykms-1n7m0yu\"><div class=\"flex flex-col pb-9 text-sm\"><div class=\"w-full text-token-text-primary\" data-testid=\"conversation-turn-79\"><div class=\"px-4 py-2 justify-center text-base md:gap-6 m-auto\"><div class=\"flex flex-1 text-base mx-auto gap-3 md:px-5 lg:px-1 xl:px-5 md:max-w-3xl lg:max-w-[40rem] xl:max-w-[48rem] group final-completion\"><div class=\"relative flex w-full flex-col lg:w-[calc(100%-115px)] agent-turn\"><div class=\"flex-col gap-1 md:gap-3\"><div class=\"flex flex-grow flex-col max-w-full\"><div class=\"min-h-[20px] text-message flex flex-col items-start gap-3 whitespace-pre-wrap break-words [.text-message+&amp;]:mt-5 overflow-x-auto\" data-message-author-role=\"assistant\" data-message-id=\"243cba96-0ebb-4dfb-9e50-3bda48600163\"><div class=\"markdown prose w-full break-words dark:prose-invert light\"><p>Es ist vielen bekannt, dass ich mit sechs Jahren angefangen habe, Fu\u00dfball in Sv Hall zu spielen. Ich hatte unglaublich viel Spa\u00df am Fu\u00dfball und habe mich st\u00e4ndig weiterentwickelt, bis ich schlie\u00dflich zum Stammtorwart der zweiten Kampfmannschaft ernannt wurde. Aufgrund meiner Gr\u00f6\u00dfe hatte ich immer einen Vorteil gegen\u00fcber anderen Torh\u00fctern \u2013 zumindest hat mir das immer mein Torwarttrainer gesagt. Ich war \u00e4u\u00dferst talentiert, und das bin ich immer noch. Ich habe meine k\u00f6rperlichen Vorteile immer ausgenutzt. Schlie\u00dflich hatte ich auch die M\u00f6glichkeit, in der ersten Mannschaft zu trainieren. Zweimal pro Woche absolvierte ich spezielles Torwarttraining, und das Fu\u00dfballspielen bereitete mir unglaubliche Freude. Doch irgendwann kam der Punkt, an dem ich das Gef\u00fchl hatte, dass ich die Mannschaft wechseln sollte. Die Mannschaft, in der ich spielte, schien nicht mehr meinen Ambitionen und Tr\u00e4umen zu entsprechen. Ich hatte das feste Ziel, Profifu\u00dfballer zu werden, und daf\u00fcr musste ich den n\u00e4chsten Schritt gehen.<\/p><\/div><\/div><\/div><\/div><\/div><\/div><\/div><\/div><\/div><\/div><\/div><\/div>\t\t\t\t\t\t\t\t<\/div>\n\t\t\t\t<\/div>\n\t\t\t\t\t<\/div>\n\t\t<\/div>\n\t\t\t\t\t<\/div>\n\t\t<\/section>\n\t\t\t\t<\/div>\n\t\t","protected":false},"excerpt":{"rendered":"<p>Meine Vereine MEine erste Mannschaft SV HALL Es ist vielen bekannt, dass ich mit sechs Jahren angefangen habe, Fu\u00dfball in Sv Hall zu spielen. Ich hatte unglaublich viel Spa\u00df am Fu\u00dfball und habe mich st\u00e4ndig weiterentwickelt, bis ich schlie\u00dflich zum Stammtorwart der zweiten Kampfmannschaft ernannt wurde. Aufgrund meiner Gr\u00f6\u00dfe hatte ich immer einen Vorteil gegen\u00fcber anderen Torh\u00fctern \u2013 zumindest hat mir das immer mein Torwarttrainer gesagt. Ich war \u00e4u\u00dferst talentiert, und das bin ich immer noch. Ich habe meine k\u00f6rperlichen Vorteile immer ausgenutzt. Schlie\u00dflich hatte ich auch die M\u00f6glichkeit, in der ersten Mannschaft zu trainieren. Zweimal pro Woche absolvierte ich spezielles Torwarttraining, und das Fu\u00dfballspielen bereitete mir unglaubliche Freude. Doch irgendwann kam der Punkt, an dem ich das Gef\u00fchl hatte, dass ich die Mannschaft wechseln sollte. Die Mannschaft, in der ich spielte, schien nicht mehr meinen Ambitionen und Tr\u00e4umen zu entsprechen. Ich hatte das feste Ziel, Profifu\u00dfballer zu werden, und daf\u00fcr musste ich den n\u00e4chsten Schritt gehen. SV ABSAM In Absam spielte ich nur ein Jahr lang, haupts\u00e4chlich aufgrund meines fr\u00fcheren Trainers. Leider waren wir in der Liga nicht so erfolgreich. Dennoch muss ich sagen, dass die Mannschaft sehr professionell war. Wir unternahmen oft gemeinsame Aktivit\u00e4ten wie gemeinsames Essen und Ausfl\u00fcge, was meiner Meinung nach zu einem starken Teamgeist beitrug. R\u00fcckblickend bin ich definitiv froh \u00fcber meinen Wechsel dorthin und die wundervolle Zeit, die ich mit meinen Freunden dort verbracht habe. Mein Transfer war zweifellos die richtige Entscheidung. MEin Schritt zu Profi WSG WATTENS Es ist vielen bekannt, dass ich mit sechs Jahren angefangen habe, Fu\u00dfball in Sv Hall zu spielen. Ich hatte unglaublich viel Spa\u00df am Fu\u00dfball und habe mich st\u00e4ndig weiterentwickelt, bis ich schlie\u00dflich zum Stammtorwart der zweiten Kampfmannschaft ernannt wurde. Aufgrund meiner Gr\u00f6\u00dfe hatte ich immer einen Vorteil gegen\u00fcber anderen Torh\u00fctern \u2013 zumindest hat mir das immer mein Torwarttrainer gesagt. Ich war \u00e4u\u00dferst talentiert, und das bin ich immer noch. Ich habe meine k\u00f6rperlichen Vorteile immer ausgenutzt. Schlie\u00dflich hatte ich auch die M\u00f6glichkeit, in der ersten Mannschaft zu trainieren. Zweimal pro Woche absolvierte ich spezielles Torwarttraining, und das Fu\u00dfballspielen bereitete mir unglaubliche Freude. Doch irgendwann kam der Punkt, an dem ich das Gef\u00fchl hatte, dass ich die Mannschaft wechseln sollte. Die Mannschaft, in der ich spielte, schien nicht mehr meinen Ambitionen und Tr\u00e4umen zu entsprechen. Ich hatte das feste Ziel, Profifu\u00dfballer zu werden, und daf\u00fcr musste ich den n\u00e4chsten Schritt gehen.<\/p>\n","protected":false},"author":2,"featured_media":0,"parent":0,"menu_order":0,"comment_status":"closed","ping_status":"closed","template":"","meta":{"footnotes":""},"class_list":["post-231","page","type-page","status-publish","hentry"],"_links":{"self":[{"href":"https:\/\/22bulutb.bplaced.net\/index.php?rest_route=\/wp\/v2\/pages\/231","targetHints":{"allow":["GET"]}}],"collection":[{"href":"https:\/\/22bulutb.bplaced.net\/index.php?rest_route=\/wp\/v2\/pages"}],"about":[{"href":"https:\/\/22bulutb.bplaced.net\/index.php?rest_route=\/wp\/v2\/types\/page"}],"author":[{"embeddable":true,"href":"https:\/\/22bulutb.bplaced.net\/index.php?rest_route=\/wp\/v2\/users\/2"}],"replies":[{"embeddable":true,"href":"https:\/\/22bulutb.bplaced.net\/index.php?rest_route=%2Fwp%2Fv2%2Fcomments&post=231"}],"version-history":[{"count":34,"href":"https:\/\/22bulutb.bplaced.net\/index.php?rest_route=\/wp\/v2\/pages\/231\/revisions"}],"predecessor-version":[{"id":2730,"href":"https:\/\/22bulutb.bplaced.net\/index.php?rest_route=\/wp\/v2\/pages\/231\/revisions\/2730"}],"wp:attachment":[{"href":"https:\/\/22bulutb.bplaced.net\/index.php?rest_route=%2Fwp%2Fv2%2Fmedia&parent=231"}],"curies":[{"name":"wp","href":"https:\/\/api.w.org\/{rel}","templated":true}]}}