{"id":1901,"date":"2024-01-31T16:18:44","date_gmt":"2024-01-31T15:18:44","guid":{"rendered":"https:\/\/22bulutb.bplaced.net\/?page_id=1901"},"modified":"2026-01-27T12:40:17","modified_gmt":"2026-01-27T11:40:17","slug":"website-2","status":"publish","type":"page","link":"https:\/\/22bulutb.bplaced.net\/?page_id=1901","title":{"rendered":"Website"},"content":{"rendered":"\t\t<div data-elementor-type=\"wp-page\" data-elementor-id=\"1901\" class=\"elementor elementor-1901\">\n\t\t\t\t\t\t<section class=\"elementor-section elementor-top-section elementor-element elementor-element-3d1091f60 elementor-section-boxed elementor-section-height-default elementor-section-height-default wpr-particle-no wpr-jarallax-no wpr-parallax-no wpr-sticky-section-no\" data-id=\"3d1091f60\" data-element_type=\"section\" data-settings=\"{&quot;background_background&quot;:&quot;classic&quot;}\">\n\t\t\t\t\t\t\t<div class=\"elementor-background-overlay\"><\/div>\n\t\t\t\t\t\t\t<div class=\"elementor-container elementor-column-gap-default\">\n\t\t\t\t\t<div class=\"elementor-column elementor-col-100 elementor-top-column elementor-element elementor-element-5c7690bd\" data-id=\"5c7690bd\" data-element_type=\"column\">\n\t\t\t<div class=\"elementor-widget-wrap elementor-element-populated\">\n\t\t\t\t\t\t<div class=\"elementor-element elementor-element-6be1edf7 elementor-widget elementor-widget-heading\" data-id=\"6be1edf7\" data-element_type=\"widget\" data-widget_type=\"heading.default\">\n\t\t\t\t<div class=\"elementor-widget-container\">\n\t\t\t\t\t<h2 class=\"elementor-heading-title elementor-size-default\">Erstelle deine Website<\/h2>\t\t\t\t<\/div>\n\t\t\t\t<\/div>\n\t\t\t\t\t<\/div>\n\t\t<\/div>\n\t\t\t\t\t<\/div>\n\t\t<\/section>\n\t\t\t\t<section class=\"elementor-section elementor-top-section elementor-element elementor-element-5fcb2a9d elementor-section-boxed elementor-section-height-default elementor-section-height-default wpr-particle-no wpr-jarallax-no wpr-parallax-no wpr-sticky-section-no\" data-id=\"5fcb2a9d\" data-element_type=\"section\">\n\t\t\t\t\t\t<div class=\"elementor-container elementor-column-gap-default\">\n\t\t\t\t\t<div class=\"elementor-column elementor-col-50 elementor-top-column elementor-element elementor-element-7814e75f\" data-id=\"7814e75f\" data-element_type=\"column\">\n\t\t\t<div class=\"elementor-widget-wrap elementor-element-populated\">\n\t\t\t\t\t\t<div class=\"elementor-element elementor-element-22ec4551 elementor-widget elementor-widget-heading\" data-id=\"22ec4551\" data-element_type=\"widget\" data-widget_type=\"heading.default\">\n\t\t\t\t<div class=\"elementor-widget-container\">\n\t\t\t\t\t<h2 class=\"elementor-heading-title elementor-size-default\">Das ist wichtig<\/h2>\t\t\t\t<\/div>\n\t\t\t\t<\/div>\n\t\t\t\t<div class=\"elementor-element elementor-element-245ae89a elementor-widget-divider--view-line elementor-widget elementor-widget-divider\" data-id=\"245ae89a\" data-element_type=\"widget\" data-widget_type=\"divider.default\">\n\t\t\t\t<div class=\"elementor-widget-container\">\n\t\t\t\t\t\t\t<div class=\"elementor-divider\">\n\t\t\t<span class=\"elementor-divider-separator\">\n\t\t\t\t\t\t<\/span>\n\t\t<\/div>\n\t\t\t\t\t\t<\/div>\n\t\t\t\t<\/div>\n\t\t\t\t<div class=\"elementor-element elementor-element-14404ae2 elementor-widget elementor-widget-text-editor\" data-id=\"14404ae2\" data-element_type=\"widget\" data-widget_type=\"text-editor.default\">\n\t\t\t\t<div class=\"elementor-widget-container\">\n\t\t\t\t\t\t\t\t\t<ol><li>Eine Website muss klar und verst\u00e4ndlich aufgebaut sein, damit sich der Leser zurechtfindet.<\/li><li>Die Website muss ansprechend gestaltet sein. Der Leser muss sich wohlf\u00fchlen.<\/li><li>Die Website muss auf mehreren Ger\u00e4ten gut ersichtlich sein.<\/li><\/ol>\t\t\t\t\t\t\t\t<\/div>\n\t\t\t\t<\/div>\n\t\t\t\t<div class=\"elementor-element elementor-element-68337887 wpr-button-icon-style-inline wpr-button-icon-position-right elementor-widget elementor-widget-wpr-button\" data-id=\"68337887\" data-element_type=\"widget\" data-widget_type=\"wpr-button.default\">\n\t\t\t\t<div class=\"elementor-widget-container\">\n\t\t\t\t\t\t\n\t\t\t\n\t\t\n\t\t<div class=\"wpr-button-wrap elementor-clearfix\">\n\t\t<a class=\"wpr-button wpr-button-effect wpr-button-none\" data-text=\"Go\" href=\"https:\/\/www.youtube.com\/watch?v=vDf5P7WSE3M\">\n\t\t\t\n\t\t\t<span class=\"wpr-button-content\">\n\t\t\t\t\t\t\t\t\t<span class=\"wpr-button-text\">mehr dazu<\/span>\n\t\t\t\t\t\t\t\t\n\t\t\t\t\t\t\t<\/span>\n\t\t<\/a>\n\n\t\t\t\t<\/div>\n\t\n\t\n\t\t\t\t\t<\/div>\n\t\t\t\t<\/div>\n\t\t\t\t\t<\/div>\n\t\t<\/div>\n\t\t\t\t<div class=\"elementor-column elementor-col-50 elementor-top-column elementor-element elementor-element-47f8584e\" data-id=\"47f8584e\" data-element_type=\"column\">\n\t\t\t<div class=\"elementor-widget-wrap elementor-element-populated\">\n\t\t\t\t\t\t<div class=\"elementor-element elementor-element-134df822 elementor-widget elementor-widget-image\" data-id=\"134df822\" data-element_type=\"widget\" data-widget_type=\"image.default\">\n\t\t\t\t<div class=\"elementor-widget-container\">\n\t\t\t\t\t\t\t\t\t\t\t\t\t\t\t<img fetchpriority=\"high\" decoding=\"async\" width=\"800\" height=\"405\" src=\"https:\/\/22bulutb.bplaced.net\/wp-content\/uploads\/2026\/01\/Eigene-Website-erstellen-1024x519.png\" class=\"attachment-large size-large wp-image-2109\" alt=\"\" srcset=\"https:\/\/22bulutb.bplaced.net\/wp-content\/uploads\/2026\/01\/Eigene-Website-erstellen-1024x519.png 1024w, https:\/\/22bulutb.bplaced.net\/wp-content\/uploads\/2026\/01\/Eigene-Website-erstellen-300x152.png 300w, https:\/\/22bulutb.bplaced.net\/wp-content\/uploads\/2026\/01\/Eigene-Website-erstellen-768x389.png 768w, https:\/\/22bulutb.bplaced.net\/wp-content\/uploads\/2026\/01\/Eigene-Website-erstellen.png 1270w\" sizes=\"(max-width: 800px) 100vw, 800px\" \/>\t\t\t\t\t\t\t\t\t\t\t\t\t\t\t<\/div>\n\t\t\t\t<\/div>\n\t\t\t\t\t<\/div>\n\t\t<\/div>\n\t\t\t\t\t<\/div>\n\t\t<\/section>\n\t\t\t\t<section class=\"elementor-section elementor-top-section elementor-element elementor-element-7a653e98 elementor-section-height-min-height elementor-section-boxed elementor-section-height-default elementor-section-items-middle wpr-particle-no wpr-jarallax-no wpr-parallax-no wpr-sticky-section-no\" data-id=\"7a653e98\" data-element_type=\"section\" data-settings=\"{&quot;background_background&quot;:&quot;classic&quot;}\">\n\t\t\t\t\t\t\t<div class=\"elementor-background-overlay\"><\/div>\n\t\t\t\t\t\t\t<div class=\"elementor-container elementor-column-gap-default\">\n\t\t\t\t\t<div class=\"elementor-column elementor-col-50 elementor-top-column elementor-element elementor-element-af017cb elementor-hidden-tablet elementor-hidden-mobile\" data-id=\"af017cb\" data-element_type=\"column\">\n\t\t\t<div class=\"elementor-widget-wrap\">\n\t\t\t\t\t\t\t<\/div>\n\t\t<\/div>\n\t\t\t\t<div class=\"elementor-column elementor-col-50 elementor-top-column elementor-element elementor-element-3df4fffc\" data-id=\"3df4fffc\" data-element_type=\"column\">\n\t\t\t<div class=\"elementor-widget-wrap elementor-element-populated\">\n\t\t\t\t\t\t<div class=\"elementor-element elementor-element-7f9b1b91 elementor-widget elementor-widget-heading\" data-id=\"7f9b1b91\" data-element_type=\"widget\" data-widget_type=\"heading.default\">\n\t\t\t\t<div class=\"elementor-widget-container\">\n\t\t\t\t\t<h2 class=\"elementor-heading-title elementor-size-default\">Arten von Websiten<\/h2>\t\t\t\t<\/div>\n\t\t\t\t<\/div>\n\t\t\t\t<div class=\"elementor-element elementor-element-5fbb49ed elementor-widget-divider--view-line elementor-widget elementor-widget-divider\" data-id=\"5fbb49ed\" data-element_type=\"widget\" data-widget_type=\"divider.default\">\n\t\t\t\t<div class=\"elementor-widget-container\">\n\t\t\t\t\t\t\t<div class=\"elementor-divider\">\n\t\t\t<span class=\"elementor-divider-separator\">\n\t\t\t\t\t\t<\/span>\n\t\t<\/div>\n\t\t\t\t\t\t<\/div>\n\t\t\t\t<\/div>\n\t\t\t\t<div class=\"elementor-element elementor-element-3d42380d elementor-widget elementor-widget-text-editor\" data-id=\"3d42380d\" data-element_type=\"widget\" data-widget_type=\"text-editor.default\">\n\t\t\t\t<div class=\"elementor-widget-container\">\n\t\t\t\t\t\t\t\t\t<h3 data-start=\"58\" data-end=\"84\"><strong data-start=\"62\" data-end=\"84\">Arten von Websites<\/strong><\/h3><p data-start=\"86\" data-end=\"381\"><strong data-start=\"86\" data-end=\"103\">Firmenwebsite<\/strong><br data-start=\"103\" data-end=\"106\" \/>Eine Firmenwebsite ist die digitale Visitenkarte eines Unternehmens im Internet. Sie informiert \u00fcber Produkte, Dienstleistungen und das Unternehmen selbst. Eine gut gestaltete Website vermittelt Professionalit\u00e4t, erleichtert die Kontaktaufnahme und kann neue Kunden gewinnen.<\/p><p data-start=\"383\" data-end=\"719\"><strong data-start=\"383\" data-end=\"394\">Webshop<\/strong><br data-start=\"394\" data-end=\"397\" \/>Ein Webshop ist ein Online-Shop, \u00fcber den Kunden Produkte oder Dienstleistungen direkt im Internet kaufen k\u00f6nnen. Er bietet rund um die Uhr Zugriff, Informationen zu Angeboten und einfache Bestell- sowie Zahlungsm\u00f6glichkeiten. Ein gut gestalteter Webshop erleichtert den Einkauf und steigert den Umsatz eines Unternehmens.<\/p><p>\u00a0<\/p><p data-start=\"721\" data-end=\"1029\"><strong data-start=\"721\" data-end=\"729\">Blog<\/strong><br data-start=\"729\" data-end=\"732\" \/>Eine Blog-Website ist eine Internetseite, auf der regelm\u00e4\u00dfig Artikel, Beitr\u00e4ge oder pers\u00f6nliche Meinungen ver\u00f6ffentlicht werden. Sie informiert, unterh\u00e4lt oder teilt Erfahrungen zu bestimmten Themen und erm\u00f6glicht den Austausch mit Lesern durch Kommentare und Interaktionen. Keine Firma beteiligt.<\/p>\t\t\t\t\t\t\t\t<\/div>\n\t\t\t\t<\/div>\n\t\t\t\t\t<\/div>\n\t\t<\/div>\n\t\t\t\t\t<\/div>\n\t\t<\/section>\n\t\t\t\t<section class=\"elementor-section elementor-top-section elementor-element elementor-element-774dd8ff elementor-section-boxed elementor-section-height-default elementor-section-height-default wpr-particle-no wpr-jarallax-no wpr-parallax-no wpr-sticky-section-no\" data-id=\"774dd8ff\" data-element_type=\"section\">\n\t\t\t\t\t\t<div class=\"elementor-container elementor-column-gap-default\">\n\t\t\t\t\t<div class=\"elementor-column elementor-col-100 elementor-top-column elementor-element elementor-element-3d32281\" data-id=\"3d32281\" data-element_type=\"column\">\n\t\t\t<div class=\"elementor-widget-wrap\">\n\t\t\t\t\t\t\t<\/div>\n\t\t<\/div>\n\t\t\t\t\t<\/div>\n\t\t<\/section>\n\t\t\t\t<section class=\"elementor-section elementor-top-section elementor-element elementor-element-18741c1f elementor-section-height-min-height elementor-section-boxed elementor-section-height-default elementor-section-items-middle wpr-particle-no wpr-jarallax-no wpr-parallax-no wpr-sticky-section-no\" data-id=\"18741c1f\" data-element_type=\"section\" data-settings=\"{&quot;background_background&quot;:&quot;classic&quot;}\">\n\t\t\t\t\t\t<div class=\"elementor-container elementor-column-gap-wide\">\n\t\t\t\t\t<div class=\"elementor-column elementor-col-100 elementor-top-column elementor-element elementor-element-1e322260\" data-id=\"1e322260\" data-element_type=\"column\">\n\t\t\t<div class=\"elementor-widget-wrap elementor-element-populated\">\n\t\t\t\t\t\t<div class=\"elementor-element elementor-element-3131ce0c elementor-widget elementor-widget-heading\" data-id=\"3131ce0c\" data-element_type=\"widget\" data-widget_type=\"heading.default\">\n\t\t\t\t<div class=\"elementor-widget-container\">\n\t\t\t\t\t<h2 class=\"elementor-heading-title elementor-size-default\">Das ist zu beachten!<\/h2>\t\t\t\t<\/div>\n\t\t\t\t<\/div>\n\t\t\t\t<div class=\"elementor-element elementor-element-4d5aafa0 elementor-widget__width-initial elementor-widget elementor-widget-text-editor\" data-id=\"4d5aafa0\" data-element_type=\"widget\" data-widget_type=\"text-editor.default\">\n\t\t\t\t<div class=\"elementor-widget-container\">\n\t\t\t\t\t\t\t\t\t<p data-start=\"56\" data-end=\"175\"><strong data-start=\"56\" data-end=\"74\">EIGENE WEBSITE<\/strong><br data-start=\"74\" data-end=\"77\" \/><strong data-start=\"77\" data-end=\"100\">Das ist zu beachten<\/strong><\/p>\t\t\t\t\t\t\t\t<\/div>\n\t\t\t\t<\/div>\n\t\t\t\t<div class=\"elementor-element elementor-element-d59e08 elementor-icon-list--layout-traditional elementor-list-item-link-full_width elementor-widget elementor-widget-icon-list\" data-id=\"d59e08\" data-element_type=\"widget\" data-widget_type=\"icon-list.default\">\n\t\t\t\t<div class=\"elementor-widget-container\">\n\t\t\t\t\t\t\t<ul class=\"elementor-icon-list-items\">\n\t\t\t\t\t\t\t<li class=\"elementor-icon-list-item\">\n\t\t\t\t\t\t\t\t\t\t\t<span class=\"elementor-icon-list-icon\">\n\t\t\t\t\t\t\t<i aria-hidden=\"true\" class=\"fas fa-minus\"><\/i>\t\t\t\t\t\t<\/span>\n\t\t\t\t\t\t\t\t\t\t<span class=\"elementor-icon-list-text\"><span data-start=\"177\" data-end=\"191\" style=\"font-weight: bolder; white-space-collapse: collapse;\">Zielgruppe<\/span><br data-start=\"191\" data-end=\"194\" style=\"white-space-collapse: collapse;\"><span style=\"white-space-collapse: collapse;\">Wen m\u00f6chte ich erreichen? Was ist meine Zielgruppe?<\/span><\/span>\n\t\t\t\t\t\t\t\t\t<\/li>\n\t\t\t\t\t\t\t\t<li class=\"elementor-icon-list-item\">\n\t\t\t\t\t\t\t\t\t\t\t<span class=\"elementor-icon-list-icon\">\n\t\t\t\t\t\t\t<i aria-hidden=\"true\" class=\"fas fa-minus\"><\/i>\t\t\t\t\t\t<\/span>\n\t\t\t\t\t\t\t\t\t\t<span class=\"elementor-icon-list-text\"><span data-start=\"247\" data-end=\"263\" style=\"font-weight: bolder; white-space-collapse: collapse;\">Verlinkungen<\/span><br data-start=\"263\" data-end=\"266\" style=\"white-space-collapse: collapse;\"><span style=\"white-space-collapse: collapse;\">Wie soll meine Website verlinkt sein? Viele oder wenige Verlinkungen?<\/span><\/span>\n\t\t\t\t\t\t\t\t\t<\/li>\n\t\t\t\t\t\t\t\t<li class=\"elementor-icon-list-item\">\n\t\t\t\t\t\t\t\t\t\t\t<span class=\"elementor-icon-list-icon\">\n\t\t\t\t\t\t\t<i aria-hidden=\"true\" class=\"fas fa-minus\"><\/i>\t\t\t\t\t\t<\/span>\n\t\t\t\t\t\t\t\t\t\t<span class=\"elementor-icon-list-text\"><span data-start=\"337\" data-end=\"352\" style=\"font-weight: bolder; white-space-collapse: collapse;\">Vermittlung<\/span><br data-start=\"352\" data-end=\"355\" style=\"white-space-collapse: collapse;\"><span style=\"white-space-collapse: collapse;\">Was soll die Website aussagen, was m\u00f6chte ich damit erreichen?<\/span><\/span>\n\t\t\t\t\t\t\t\t\t<\/li>\n\t\t\t\t\t\t\t\t<li class=\"elementor-icon-list-item\">\n\t\t\t\t\t\t\t\t\t\t\t<span class=\"elementor-icon-list-icon\">\n\t\t\t\t\t\t\t<i aria-hidden=\"true\" class=\"fas fa-minus\"><\/i>\t\t\t\t\t\t<\/span>\n\t\t\t\t\t\t\t\t\t\t<span class=\"elementor-icon-list-text\"><span data-start=\"419\" data-end=\"441\" style=\"font-weight: bolder; white-space-collapse: collapse;\">Internet of Things<\/span><br data-start=\"441\" data-end=\"444\" style=\"white-space-collapse: collapse;\"><span style=\"white-space-collapse: collapse;\">Es sollten nur die wichtigsten Sachen auf der Website stehen.<\/span><\/span>\n\t\t\t\t\t\t\t\t\t<\/li>\n\t\t\t\t\t\t<\/ul>\n\t\t\t\t\t\t<\/div>\n\t\t\t\t<\/div>\n\t\t\t\t\t<\/div>\n\t\t<\/div>\n\t\t\t\t\t<\/div>\n\t\t<\/section>\n\t\t\t\t<\/div>\n\t\t","protected":false},"excerpt":{"rendered":"<p>Erstelle deine Website Das ist wichtig Eine Website muss klar und verst\u00e4ndlich aufgebaut sein, damit sich der Leser zurechtfindet. Die Website muss ansprechend gestaltet sein. Der Leser muss sich wohlf\u00fchlen. Die Website muss auf mehreren Ger\u00e4ten gut ersichtlich sein. mehr dazu Arten von Websiten Arten von Websites FirmenwebsiteEine Firmenwebsite ist die digitale Visitenkarte eines Unternehmens im Internet. Sie informiert \u00fcber Produkte, Dienstleistungen und das Unternehmen selbst. Eine gut gestaltete Website vermittelt Professionalit\u00e4t, erleichtert die Kontaktaufnahme und kann neue Kunden gewinnen. WebshopEin Webshop ist ein Online-Shop, \u00fcber den Kunden Produkte oder Dienstleistungen direkt im Internet kaufen k\u00f6nnen. Er bietet rund um die Uhr Zugriff, Informationen zu Angeboten und einfache Bestell- sowie Zahlungsm\u00f6glichkeiten. Ein gut gestalteter Webshop erleichtert den Einkauf und steigert den Umsatz eines Unternehmens. \u00a0 BlogEine Blog-Website ist eine Internetseite, auf der regelm\u00e4\u00dfig Artikel, Beitr\u00e4ge oder pers\u00f6nliche Meinungen ver\u00f6ffentlicht werden. Sie informiert, unterh\u00e4lt oder teilt Erfahrungen zu bestimmten Themen und erm\u00f6glicht den Austausch mit Lesern durch Kommentare und Interaktionen. Keine Firma beteiligt. Das ist zu beachten! EIGENE WEBSITEDas ist zu beachten ZielgruppeWen m\u00f6chte ich erreichen? Was ist meine Zielgruppe? VerlinkungenWie soll meine Website verlinkt sein? Viele oder wenige Verlinkungen? VermittlungWas soll die Website aussagen, was m\u00f6chte ich damit erreichen? Internet of ThingsEs sollten nur die wichtigsten Sachen auf der Website stehen.<\/p>\n","protected":false},"author":2,"featured_media":0,"parent":0,"menu_order":0,"comment_status":"closed","ping_status":"closed","template":"","meta":{"footnotes":""},"class_list":["post-1901","page","type-page","status-publish","hentry"],"_links":{"self":[{"href":"https:\/\/22bulutb.bplaced.net\/index.php?rest_route=\/wp\/v2\/pages\/1901","targetHints":{"allow":["GET"]}}],"collection":[{"href":"https:\/\/22bulutb.bplaced.net\/index.php?rest_route=\/wp\/v2\/pages"}],"about":[{"href":"https:\/\/22bulutb.bplaced.net\/index.php?rest_route=\/wp\/v2\/types\/page"}],"author":[{"embeddable":true,"href":"https:\/\/22bulutb.bplaced.net\/index.php?rest_route=\/wp\/v2\/users\/2"}],"replies":[{"embeddable":true,"href":"https:\/\/22bulutb.bplaced.net\/index.php?rest_route=%2Fwp%2Fv2%2Fcomments&post=1901"}],"version-history":[{"count":4,"href":"https:\/\/22bulutb.bplaced.net\/index.php?rest_route=\/wp\/v2\/pages\/1901\/revisions"}],"predecessor-version":[{"id":2115,"href":"https:\/\/22bulutb.bplaced.net\/index.php?rest_route=\/wp\/v2\/pages\/1901\/revisions\/2115"}],"wp:attachment":[{"href":"https:\/\/22bulutb.bplaced.net\/index.php?rest_route=%2Fwp%2Fv2%2Fmedia&parent=1901"}],"curies":[{"name":"wp","href":"https:\/\/api.w.org\/{rel}","templated":true}]}}