{"id":185,"date":"2023-12-15T09:02:41","date_gmt":"2023-12-15T08:02:41","guid":{"rendered":"https:\/\/22bulutb.bplaced.net\/?page_id=185"},"modified":"2024-01-24T19:58:51","modified_gmt":"2024-01-24T18:58:51","slug":"programmierung","status":"publish","type":"page","link":"https:\/\/22bulutb.bplaced.net\/?page_id=185","title":{"rendered":"Programmieren"},"content":{"rendered":"\t\t<div data-elementor-type=\"wp-page\" data-elementor-id=\"185\" class=\"elementor elementor-185\">\n\t\t\t\t\t\t<section class=\"elementor-section elementor-top-section elementor-element elementor-element-774ca85a elementor-section-stretched elementor-section-items-stretch elementor-section-content-bottom elementor-section-height-min-height elementor-section-boxed elementor-section-height-default wpr-particle-no wpr-jarallax-no wpr-parallax-no wpr-sticky-section-no\" data-id=\"774ca85a\" data-element_type=\"section\" data-settings=\"{&quot;stretch_section&quot;:&quot;section-stretched&quot;,&quot;background_background&quot;:&quot;classic&quot;}\">\n\t\t\t\t\t\t\t<div class=\"elementor-background-overlay\"><\/div>\n\t\t\t\t\t\t\t<div class=\"elementor-container elementor-column-gap-no\">\n\t\t\t\t\t<div class=\"elementor-column elementor-col-100 elementor-top-column elementor-element elementor-element-5da511be\" data-id=\"5da511be\" data-element_type=\"column\" data-settings=\"{&quot;background_background&quot;:&quot;gradient&quot;}\">\n\t\t\t<div class=\"elementor-widget-wrap elementor-element-populated\">\n\t\t\t\t\t\t<div class=\"elementor-element elementor-element-31f0c07 elementor-invisible elementor-widget elementor-widget-heading\" data-id=\"31f0c07\" data-element_type=\"widget\" data-settings=\"{&quot;_animation&quot;:&quot;fadeIn&quot;}\" data-widget_type=\"heading.default\">\n\t\t\t\t<div class=\"elementor-widget-container\">\n\t\t\t\t\t<h2 class=\"elementor-heading-title elementor-size-default\">Programmieren<\/h2>\t\t\t\t<\/div>\n\t\t\t\t<\/div>\n\t\t\t\t\t<\/div>\n\t\t<\/div>\n\t\t\t\t\t<\/div>\n\t\t<\/section>\n\t\t\t\t<section class=\"elementor-section elementor-top-section elementor-element elementor-element-7bd9acc4 elementor-section-full_width elementor-section-height-default elementor-section-height-default wpr-particle-no wpr-jarallax-no wpr-parallax-no wpr-sticky-section-no\" data-id=\"7bd9acc4\" data-element_type=\"section\">\n\t\t\t\t\t\t<div class=\"elementor-container elementor-column-gap-no\">\n\t\t\t\t\t<div class=\"elementor-column elementor-col-100 elementor-top-column elementor-element elementor-element-18e900b4\" data-id=\"18e900b4\" data-element_type=\"column\">\n\t\t\t<div class=\"elementor-widget-wrap\">\n\t\t\t\t\t\t\t<\/div>\n\t\t<\/div>\n\t\t\t\t\t<\/div>\n\t\t<\/section>\n\t\t\t\t<section class=\"elementor-section elementor-top-section elementor-element elementor-element-4aa965b3 elementor-section-content-middle elementor-section-full_width elementor-section-height-default elementor-section-height-default wpr-particle-no wpr-jarallax-no wpr-parallax-no wpr-sticky-section-no\" data-id=\"4aa965b3\" data-element_type=\"section\" data-settings=\"{&quot;background_background&quot;:&quot;classic&quot;}\">\n\t\t\t\t\t\t<div class=\"elementor-container elementor-column-gap-wide\">\n\t\t\t\t\t<div class=\"elementor-column elementor-col-50 elementor-top-column elementor-element elementor-element-16d33cd9\" data-id=\"16d33cd9\" data-element_type=\"column\">\n\t\t\t<div class=\"elementor-widget-wrap elementor-element-populated\">\n\t\t\t\t\t<div class=\"elementor-background-overlay\"><\/div>\n\t\t\t\t\t\t<div class=\"elementor-element elementor-element-b19c2f2 elementor-widget elementor-widget-spacer\" data-id=\"b19c2f2\" data-element_type=\"widget\" data-widget_type=\"spacer.default\">\n\t\t\t\t<div class=\"elementor-widget-container\">\n\t\t\t\t\t\t\t<div class=\"elementor-spacer\">\n\t\t\t<div class=\"elementor-spacer-inner\"><\/div>\n\t\t<\/div>\n\t\t\t\t\t\t<\/div>\n\t\t\t\t<\/div>\n\t\t\t\t\t<\/div>\n\t\t<\/div>\n\t\t\t\t<div class=\"elementor-column elementor-col-50 elementor-top-column elementor-element elementor-element-41d74ddb\" data-id=\"41d74ddb\" data-element_type=\"column\">\n\t\t\t<div class=\"elementor-widget-wrap elementor-element-populated\">\n\t\t\t\t\t\t<div class=\"elementor-element elementor-element-1f792b97 elementor-invisible elementor-widget elementor-widget-heading\" data-id=\"1f792b97\" data-element_type=\"widget\" data-settings=\"{&quot;_animation&quot;:&quot;fadeIn&quot;}\" data-widget_type=\"heading.default\">\n\t\t\t\t<div class=\"elementor-widget-container\">\n\t\t\t\t\t<h2 class=\"elementor-heading-title elementor-size-large\">Javascript<\/h2>\t\t\t\t<\/div>\n\t\t\t\t<\/div>\n\t\t\t\t<div class=\"elementor-element elementor-element-48fd899c elementor-widget elementor-widget-heading\" data-id=\"48fd899c\" data-element_type=\"widget\" data-widget_type=\"heading.default\">\n\t\t\t\t<div class=\"elementor-widget-container\">\n\t\t\t\t\t<h2 class=\"elementor-heading-title elementor-size-default\">Programmieren<\/h2>\t\t\t\t<\/div>\n\t\t\t\t<\/div>\n\t\t\t\t<div class=\"elementor-element elementor-element-7d9d2dd4 elementor-widget-divider--view-line elementor-invisible elementor-widget elementor-widget-divider\" data-id=\"7d9d2dd4\" data-element_type=\"widget\" data-settings=\"{&quot;_animation&quot;:&quot;fadeInUp&quot;}\" data-widget_type=\"divider.default\">\n\t\t\t\t<div class=\"elementor-widget-container\">\n\t\t\t\t\t\t\t<div class=\"elementor-divider\">\n\t\t\t<span class=\"elementor-divider-separator\">\n\t\t\t\t\t\t<\/span>\n\t\t<\/div>\n\t\t\t\t\t\t<\/div>\n\t\t\t\t<\/div>\n\t\t\t\t<div class=\"elementor-element elementor-element-2c70c9fa elementor-widget elementor-widget-text-editor\" data-id=\"2c70c9fa\" data-element_type=\"widget\" data-widget_type=\"text-editor.default\">\n\t\t\t\t<div class=\"elementor-widget-container\">\n\t\t\t\t\t\t\t\t\t<p>JavaScript ist eine weit verbreitete Skriptsprache, die haupts\u00e4chlich f\u00fcr die Programmierung von Webseiten verwendet wird. Als clientseitige Sprache wird JavaScript direkt im Webbrowser des Benutzers ausgef\u00fchrt und erm\u00f6glicht die Interaktion mit der Webseite, Ver\u00e4nderung von Inhalten in Echtzeit und dynamisches Laden von Daten, ohne die Seite neu laden zu m\u00fcssen. JavaScript kann in Kombination mit HTML und CSS verwendet werden, um interaktive und ansprechende Benutzeroberfl\u00e4chen zu erstellen. Es ist eine essenzielle Technologie f\u00fcr die Webentwicklung und wird auch f\u00fcr die Entwicklung von serverseitigen Anwendungen mit Node.js eingesetzt.<\/p>\t\t\t\t\t\t\t\t<\/div>\n\t\t\t\t<\/div>\n\t\t\t\t<div class=\"elementor-element elementor-element-8186b01 elementor-widget elementor-widget-text-editor\" data-id=\"8186b01\" data-element_type=\"widget\" data-widget_type=\"text-editor.default\">\n\t\t\t\t<div class=\"elementor-widget-container\">\n\t\t\t\t\t\t\t\t\t<div class=\"w-full text-token-text-primary\" data-testid=\"conversation-turn-177\"><div class=\"px-4 py-2 justify-center text-base md:gap-6 m-auto\"><div class=\"flex flex-1 text-base mx-auto gap-3 md:px-5 lg:px-1 xl:px-5 md:max-w-3xl lg:max-w-[40rem] xl:max-w-[48rem] group\"><div class=\"relative flex w-full flex-col lg:w-[calc(100%-115px)] agent-turn\"><div class=\"flex-col gap-1 md:gap-3\"><div class=\"flex flex-grow flex-col max-w-full\"><div class=\"min-h-[20px] text-message flex flex-col items-start gap-3 whitespace-pre-wrap break-words [.text-message+&amp;]:mt-5 overflow-x-auto\" data-message-author-role=\"assistant\" data-message-id=\"b43809df-6dc6-40e4-8fc1-c6d44f1bb64c\"><div class=\"markdown prose w-full break-words dark:prose-invert light\"><p>JavaScript ist eine Programmiersprache, die vor allem f\u00fcr die Entwicklung von dynamischen Webseiten verwendet wird. Hier sind einige grundlegende Konzepte und Merkmale von JavaScript:<\/p><ul><li><p><strong>Clientseitige Skriptsprache:<\/strong> JavaScript wird im Webbrowser des Benutzers ausgef\u00fchrt, um mit HTML-Dokumenten zu interagieren.<\/p><\/li><li><p><strong>Variablen und Datentypen:<\/strong> Du kannst Variablen erstellen, um Werte zu speichern, wie Texte, Wahrheitswerte und Listen.<\/p><\/li><li><p><strong>Bedingungen und Schleifen:<\/strong> Du kannst Bedingungen verwenden, um Entscheidungen zu treffen, und Schleifen f\u00fcr wiederholte Aufgaben.<\/p><\/li><li><p><strong>Funktionen:<\/strong> Du kannst Funktionen erstellen, um Code zu organisieren und wiederzuverwenden.<\/p><\/li><\/ul><\/div><\/div><\/div><div class=\"mt-1 flex justify-start gap-3 empty:hidden\"><div class=\"text-gray-400 flex self-end lg:self-center justify-center lg:justify-start mt-0 -ml-1 visible\">\u00a0<\/div><\/div><\/div><div class=\"absolute\"><div class=\"flex w-full gap-2 items-center justify-center\">\u00a0<\/div><\/div><\/div><\/div><\/div><\/div><div class=\"w-full text-token-text-primary\" data-testid=\"conversation-turn-178\"><div class=\"px-4 py-2 justify-center text-base md:gap-6 m-auto\"><div class=\"flex flex-1 text-base mx-auto gap-3 md:px-5 lg:px-1 xl:px-5 md:max-w-3xl lg:max-w-[40rem] xl:max-w-[48rem] group\"><div class=\"flex-shrink-0 flex flex-col relative items-end\"><div><div class=\"pt-0.5\"><div class=\"gizmo-shadow-stroke flex h-6 w-6 items-center justify-center overflow-hidden rounded-full\">\u00a0<\/div><\/div><\/div><\/div><\/div><\/div><\/div>\t\t\t\t\t\t\t\t<\/div>\n\t\t\t\t<\/div>\n\t\t\t\t<div class=\"elementor-element elementor-element-79813f54 elementor-align-left elementor-widget__width-auto elementor-invisible elementor-widget elementor-widget-button\" data-id=\"79813f54\" data-element_type=\"widget\" data-settings=\"{&quot;_animation&quot;:&quot;fadeInUp&quot;,&quot;_animation_delay&quot;:800}\" data-widget_type=\"button.default\">\n\t\t\t\t<div class=\"elementor-widget-container\">\n\t\t\t\t\t\t\t\t\t<div class=\"elementor-button-wrapper\">\n\t\t\t\t\t<a class=\"elementor-button elementor-button-link elementor-size-md elementor-animation-float\" href=\"https:\/\/de.wikipedia.org\/wiki\/JavaScript\">\n\t\t\t\t\t\t<span class=\"elementor-button-content-wrapper\">\n\t\t\t\t\t\t<span class=\"elementor-button-icon\">\n\t\t\t\t<i aria-hidden=\"true\" class=\"far fa-lightbulb\"><\/i>\t\t\t<\/span>\n\t\t\t\t\t\t\t\t\t<span class=\"elementor-button-text\">Javascript<\/span>\n\t\t\t\t\t<\/span>\n\t\t\t\t\t<\/a>\n\t\t\t\t<\/div>\n\t\t\t\t\t\t\t\t<\/div>\n\t\t\t\t<\/div>\n\t\t\t\t\t<\/div>\n\t\t<\/div>\n\t\t\t\t\t<\/div>\n\t\t<\/section>\n\t\t\t\t<section class=\"elementor-section elementor-top-section elementor-element elementor-element-54bc712b elementor-section-stretched elementor-section-content-middle elementor-section-boxed elementor-section-height-default elementor-section-height-default wpr-particle-no wpr-jarallax-no wpr-parallax-no wpr-sticky-section-no\" data-id=\"54bc712b\" data-element_type=\"section\" data-settings=\"{&quot;stretch_section&quot;:&quot;section-stretched&quot;,&quot;background_background&quot;:&quot;classic&quot;,&quot;shape_divider_top&quot;:&quot;triangle&quot;,&quot;shape_divider_bottom&quot;:&quot;triangle&quot;,&quot;shape_divider_bottom_negative&quot;:&quot;yes&quot;}\">\n\t\t\t\t\t\t\t<div class=\"elementor-background-overlay\"><\/div>\n\t\t\t\t\t\t<div class=\"elementor-shape elementor-shape-top\" aria-hidden=\"true\" data-negative=\"false\">\n\t\t\t<svg xmlns=\"http:\/\/www.w3.org\/2000\/svg\" viewBox=\"0 0 1000 100\" preserveAspectRatio=\"none\">\n\t<path class=\"elementor-shape-fill\" d=\"M500,98.9L0,6.1V0h1000v6.1L500,98.9z\"\/>\n<\/svg>\t\t<\/div>\n\t\t\t\t<div class=\"elementor-shape elementor-shape-bottom\" aria-hidden=\"true\" data-negative=\"true\">\n\t\t\t<svg xmlns=\"http:\/\/www.w3.org\/2000\/svg\" viewBox=\"0 0 1000 100\" preserveAspectRatio=\"none\">\n\t<path class=\"elementor-shape-fill\" d=\"M500.2,94.7L0,0v100h1000V0L500.2,94.7z\"\/>\n<\/svg>\t\t<\/div>\n\t\t\t\t\t<div class=\"elementor-container elementor-column-gap-no\">\n\t\t\t\t\t<div class=\"elementor-column elementor-col-100 elementor-top-column elementor-element elementor-element-5736106e\" data-id=\"5736106e\" data-element_type=\"column\" data-settings=\"{&quot;background_background&quot;:&quot;gradient&quot;}\">\n\t\t\t<div class=\"elementor-widget-wrap elementor-element-populated\">\n\t\t\t\t\t\t<div class=\"elementor-element elementor-element-53f0c14e elementor-widget-divider--view-line elementor-invisible elementor-widget elementor-widget-divider\" data-id=\"53f0c14e\" data-element_type=\"widget\" data-settings=\"{&quot;_animation&quot;:&quot;fadeInUp&quot;}\" data-widget_type=\"divider.default\">\n\t\t\t\t<div class=\"elementor-widget-container\">\n\t\t\t\t\t\t\t<div class=\"elementor-divider\">\n\t\t\t<span class=\"elementor-divider-separator\">\n\t\t\t\t\t\t<\/span>\n\t\t<\/div>\n\t\t\t\t\t\t<\/div>\n\t\t\t\t<\/div>\n\t\t\t\t<div class=\"elementor-element elementor-element-97d64f9 elementor-widget elementor-widget-heading\" data-id=\"97d64f9\" data-element_type=\"widget\" data-widget_type=\"heading.default\">\n\t\t\t\t<div class=\"elementor-widget-container\">\n\t\t\t\t\t<h2 class=\"elementor-heading-title elementor-size-default\">Visual Studio Code<\/h2>\t\t\t\t<\/div>\n\t\t\t\t<\/div>\n\t\t\t\t<section class=\"elementor-section elementor-inner-section elementor-element elementor-element-5d9e17 elementor-section-boxed elementor-section-height-default elementor-section-height-default wpr-particle-no wpr-jarallax-no wpr-parallax-no wpr-sticky-section-no\" data-id=\"5d9e17\" data-element_type=\"section\">\n\t\t\t\t\t\t<div class=\"elementor-container elementor-column-gap-default\">\n\t\t\t\t\t<div class=\"elementor-column elementor-col-33 elementor-inner-column elementor-element elementor-element-595e0855\" data-id=\"595e0855\" data-element_type=\"column\">\n\t\t\t<div class=\"elementor-widget-wrap elementor-element-populated\">\n\t\t\t\t\t\t<div class=\"elementor-element elementor-element-6b7ba528 elementor-position-top elementor-widget elementor-widget-image-box\" data-id=\"6b7ba528\" data-element_type=\"widget\" data-widget_type=\"image-box.default\">\n\t\t\t\t<div class=\"elementor-widget-container\">\n\t\t\t\t\t<div class=\"elementor-image-box-wrapper\"><figure class=\"elementor-image-box-img\"><img decoding=\"async\" width=\"84\" height=\"64\" src=\"https:\/\/22bulutb.bplaced.net\/wp-content\/uploads\/2024\/01\/upload_64px.png\" class=\"elementor-animation-grow attachment-full size-full wp-image-1114\" alt=\"\" \/><\/figure><div class=\"elementor-image-box-content\"><h3 class=\"elementor-image-box-title\">Visual Studio Code<\/h3><p class=\"elementor-image-box-description\">Visual Studio ist eine umfassende Entwicklungsumgebung (IDE) von Microsoft, die f\u00fcr die Erstellung von Softwareanwendungen in verschiedenen Programmiersprachen verwendet wird. Die IDE bietet Tools f\u00fcr Codebearbeitung, -debugging und -analyse sowie Unterst\u00fctzung f\u00fcr plattform\u00fcbergreifende Entwicklung. Visual Studio erm\u00f6glicht auch die Teamzusammenarbeit und Integration mit Versionskontrollsystemen wie Team Foundation Server oder Azure DevOps.<\/p><\/div><\/div>\t\t\t\t<\/div>\n\t\t\t\t<\/div>\n\t\t\t\t\t<\/div>\n\t\t<\/div>\n\t\t\t\t<div class=\"elementor-column elementor-col-33 elementor-inner-column elementor-element elementor-element-546ab6ad\" data-id=\"546ab6ad\" data-element_type=\"column\">\n\t\t\t<div class=\"elementor-widget-wrap elementor-element-populated\">\n\t\t\t\t\t\t<div class=\"elementor-element elementor-element-2f6ecaef elementor-position-top elementor-widget elementor-widget-image-box\" data-id=\"2f6ecaef\" data-element_type=\"widget\" data-widget_type=\"image-box.default\">\n\t\t\t\t<div class=\"elementor-widget-container\">\n\t\t\t\t\t<div class=\"elementor-image-box-wrapper\"><figure class=\"elementor-image-box-img\"><img decoding=\"async\" width=\"64\" height=\"64\" src=\"https:\/\/22bulutb.bplaced.net\/wp-content\/uploads\/2024\/01\/happy_64px.png\" class=\"elementor-animation-grow attachment-full size-full wp-image-1115\" alt=\"\" \/><\/figure><div class=\"elementor-image-box-content\"><h3 class=\"elementor-image-box-title\">Erstellung eines Objekts<\/h3><p class=\"elementor-image-box-description\">Um ein Objekt zu erstellen, folge diesen allgemeinen Schritten:\n\nKlassenentwurf:\n\nDefiniere eine Klasse, die als Vorlage f\u00fcr Objekte dient. Diese Klasse enth\u00e4lt Attribute (Variablen) und Methoden (Funktionen), die die Eigenschaften und das Verhalten der Objekte beschreiben.\nInstanziierung:\n\nVerwende das Schl\u00fcsselwort zur Instanziierung (z. B. new in vielen Programmiersprachen) in Kombination mit dem Klassennamen, um eine konkrete Instanz der Klasse zu erzeugen. Dieser Schritt reserviert Speicherplatz und initialisiert das Objekt.\nAttributwerte zuweisen:\n\nSetze die Werte der Attribute des Objekts, entweder direkt oder mithilfe von Methoden der Klasse.\nObjekt verwenden:\n\nNutze das erstellte Objekt, indem du auf seine Attribute zugreifst oder seine Methoden aufrufst.<\/p><\/div><\/div>\t\t\t\t<\/div>\n\t\t\t\t<\/div>\n\t\t\t\t\t<\/div>\n\t\t<\/div>\n\t\t\t\t<div class=\"elementor-column elementor-col-33 elementor-inner-column elementor-element elementor-element-68fc7f9f\" data-id=\"68fc7f9f\" data-element_type=\"column\">\n\t\t\t<div class=\"elementor-widget-wrap elementor-element-populated\">\n\t\t\t\t\t\t<div class=\"elementor-element elementor-element-41b8d7cd elementor-position-top elementor-widget elementor-widget-image-box\" data-id=\"41b8d7cd\" data-element_type=\"widget\" data-widget_type=\"image-box.default\">\n\t\t\t\t<div class=\"elementor-widget-container\">\n\t\t\t\t\t<div class=\"elementor-image-box-wrapper\"><figure class=\"elementor-image-box-img\"><img decoding=\"async\" width=\"62\" height=\"64\" src=\"https:\/\/22bulutb.bplaced.net\/wp-content\/uploads\/2024\/01\/presentation_64px.png\" class=\"elementor-animation-grow attachment-full size-full wp-image-1116\" alt=\"\" \/><\/figure><div class=\"elementor-image-box-content\"><h3 class=\"elementor-image-box-title\">Bild einf\u00fcgen<\/h3><p class=\"elementor-image-box-description\">Speichere das Bild in deinem Projektordner.\nF\u00fcge den Bildpfad in den HTML-Code ein, \nStelle sicher, dass der Pfad korrekt ist und dass die Bilddatei im Projektverzeichnis vorhanden ist.\n\n\n\n\n\n\n<\/p><\/div><\/div>\t\t\t\t<\/div>\n\t\t\t\t<\/div>\n\t\t\t\t\t<\/div>\n\t\t<\/div>\n\t\t\t\t\t<\/div>\n\t\t<\/section>\n\t\t\t\t\t<\/div>\n\t\t<\/div>\n\t\t\t\t\t<\/div>\n\t\t<\/section>\n\t\t\t\t<section class=\"elementor-section elementor-top-section elementor-element elementor-element-20da137a elementor-section-stretched elementor-section-full_width elementor-section-height-min-height elementor-section-items-stretch elementor-section-height-default wpr-particle-no wpr-jarallax-no wpr-parallax-no wpr-sticky-section-no\" data-id=\"20da137a\" data-element_type=\"section\" data-settings=\"{&quot;stretch_section&quot;:&quot;section-stretched&quot;,&quot;shape_divider_top&quot;:&quot;triangle&quot;,&quot;shape_divider_bottom&quot;:&quot;triangle&quot;}\">\n\t\t\t\t\t<div class=\"elementor-shape elementor-shape-top\" aria-hidden=\"true\" data-negative=\"false\">\n\t\t\t<svg xmlns=\"http:\/\/www.w3.org\/2000\/svg\" viewBox=\"0 0 1000 100\" preserveAspectRatio=\"none\">\n\t<path class=\"elementor-shape-fill\" d=\"M500,98.9L0,6.1V0h1000v6.1L500,98.9z\"\/>\n<\/svg>\t\t<\/div>\n\t\t\t\t<div class=\"elementor-shape elementor-shape-bottom\" aria-hidden=\"true\" data-negative=\"false\">\n\t\t\t<svg xmlns=\"http:\/\/www.w3.org\/2000\/svg\" viewBox=\"0 0 1000 100\" preserveAspectRatio=\"none\">\n\t<path class=\"elementor-shape-fill\" d=\"M500,98.9L0,6.1V0h1000v6.1L500,98.9z\"\/>\n<\/svg>\t\t<\/div>\n\t\t\t\t\t<div class=\"elementor-container elementor-column-gap-no\">\n\t\t\t\t\t<div class=\"elementor-column elementor-col-50 elementor-top-column elementor-element elementor-element-6c1673c7\" data-id=\"6c1673c7\" data-element_type=\"column\" data-settings=\"{&quot;background_background&quot;:&quot;classic&quot;}\">\n\t\t\t<div class=\"elementor-widget-wrap elementor-element-populated\">\n\t\t\t\t\t<div class=\"elementor-background-overlay\"><\/div>\n\t\t\t\t\t\t\t<\/div>\n\t\t<\/div>\n\t\t\t\t<div class=\"elementor-column elementor-col-50 elementor-top-column elementor-element elementor-element-46d1a077\" data-id=\"46d1a077\" data-element_type=\"column\" data-settings=\"{&quot;background_background&quot;:&quot;classic&quot;}\">\n\t\t\t<div class=\"elementor-widget-wrap elementor-element-populated\">\n\t\t\t\t\t<div class=\"elementor-background-overlay\"><\/div>\n\t\t\t\t\t\t<div class=\"elementor-element elementor-element-1284eca4 elementor-widget-divider--view-line elementor-invisible elementor-widget elementor-widget-divider\" data-id=\"1284eca4\" data-element_type=\"widget\" data-settings=\"{&quot;_animation&quot;:&quot;fadeInUp&quot;}\" data-widget_type=\"divider.default\">\n\t\t\t\t<div class=\"elementor-widget-container\">\n\t\t\t\t\t\t\t<div class=\"elementor-divider\">\n\t\t\t<span class=\"elementor-divider-separator\">\n\t\t\t\t\t\t<\/span>\n\t\t<\/div>\n\t\t\t\t\t\t<\/div>\n\t\t\t\t<\/div>\n\t\t\t\t\t<\/div>\n\t\t<\/div>\n\t\t\t\t\t<\/div>\n\t\t<\/section>\n\t\t\t\t<\/div>\n\t\t","protected":false},"excerpt":{"rendered":"<p>Programmieren Javascript Programmieren JavaScript ist eine weit verbreitete Skriptsprache, die haupts\u00e4chlich f\u00fcr die Programmierung von Webseiten verwendet wird. Als clientseitige Sprache wird JavaScript direkt im Webbrowser des Benutzers ausgef\u00fchrt und erm\u00f6glicht die Interaktion mit der Webseite, Ver\u00e4nderung von Inhalten in Echtzeit und dynamisches Laden von Daten, ohne die Seite neu laden zu m\u00fcssen. JavaScript kann in Kombination mit HTML und CSS verwendet werden, um interaktive und ansprechende Benutzeroberfl\u00e4chen zu erstellen. Es ist eine essenzielle Technologie f\u00fcr die Webentwicklung und wird auch f\u00fcr die Entwicklung von serverseitigen Anwendungen mit Node.js eingesetzt. JavaScript ist eine Programmiersprache, die vor allem f\u00fcr die Entwicklung von dynamischen Webseiten verwendet wird. Hier sind einige grundlegende Konzepte und Merkmale von JavaScript: Clientseitige Skriptsprache: JavaScript wird im Webbrowser des Benutzers ausgef\u00fchrt, um mit HTML-Dokumenten zu interagieren. Variablen und Datentypen: Du kannst Variablen erstellen, um Werte zu speichern, wie Texte, Wahrheitswerte und Listen. Bedingungen und Schleifen: Du kannst Bedingungen verwenden, um Entscheidungen zu treffen, und Schleifen f\u00fcr wiederholte Aufgaben. Funktionen: Du kannst Funktionen erstellen, um Code zu organisieren und wiederzuverwenden. \u00a0\u00a0\u00a0 Javascript Visual Studio Code Visual Studio Code Visual Studio ist eine umfassende Entwicklungsumgebung (IDE) von Microsoft, die f\u00fcr die Erstellung von Softwareanwendungen in verschiedenen Programmiersprachen verwendet wird. Die IDE bietet Tools f\u00fcr Codebearbeitung, -debugging und -analyse sowie Unterst\u00fctzung f\u00fcr plattform\u00fcbergreifende Entwicklung. Visual Studio erm\u00f6glicht auch die Teamzusammenarbeit und Integration mit Versionskontrollsystemen wie Team Foundation Server oder Azure DevOps. Erstellung eines Objekts Um ein Objekt zu erstellen, folge diesen allgemeinen Schritten: Klassenentwurf: Definiere eine Klasse, die als Vorlage f\u00fcr Objekte dient. Diese Klasse enth\u00e4lt Attribute (Variablen) und Methoden (Funktionen), die die Eigenschaften und das Verhalten der Objekte beschreiben. Instanziierung: Verwende das Schl\u00fcsselwort zur Instanziierung (z. B. new in vielen Programmiersprachen) in Kombination mit dem Klassennamen, um eine konkrete Instanz der Klasse zu erzeugen. Dieser Schritt reserviert Speicherplatz und initialisiert das Objekt. Attributwerte zuweisen: Setze die Werte der Attribute des Objekts, entweder direkt oder mithilfe von Methoden der Klasse. Objekt verwenden: Nutze das erstellte Objekt, indem du auf seine Attribute zugreifst oder seine Methoden aufrufst. Bild einf\u00fcgen Speichere das Bild in deinem Projektordner. F\u00fcge den Bildpfad in den HTML-Code ein, Stelle sicher, dass der Pfad korrekt ist und dass die Bilddatei im Projektverzeichnis vorhanden ist.<\/p>\n","protected":false},"author":2,"featured_media":0,"parent":0,"menu_order":0,"comment_status":"closed","ping_status":"closed","template":"","meta":{"footnotes":""},"class_list":["post-185","page","type-page","status-publish","hentry"],"_links":{"self":[{"href":"https:\/\/22bulutb.bplaced.net\/index.php?rest_route=\/wp\/v2\/pages\/185","targetHints":{"allow":["GET"]}}],"collection":[{"href":"https:\/\/22bulutb.bplaced.net\/index.php?rest_route=\/wp\/v2\/pages"}],"about":[{"href":"https:\/\/22bulutb.bplaced.net\/index.php?rest_route=\/wp\/v2\/types\/page"}],"author":[{"embeddable":true,"href":"https:\/\/22bulutb.bplaced.net\/index.php?rest_route=\/wp\/v2\/users\/2"}],"replies":[{"embeddable":true,"href":"https:\/\/22bulutb.bplaced.net\/index.php?rest_route=%2Fwp%2Fv2%2Fcomments&post=185"}],"version-history":[{"count":17,"href":"https:\/\/22bulutb.bplaced.net\/index.php?rest_route=\/wp\/v2\/pages\/185\/revisions"}],"predecessor-version":[{"id":1536,"href":"https:\/\/22bulutb.bplaced.net\/index.php?rest_route=\/wp\/v2\/pages\/185\/revisions\/1536"}],"wp:attachment":[{"href":"https:\/\/22bulutb.bplaced.net\/index.php?rest_route=%2Fwp%2Fv2%2Fmedia&parent=185"}],"curies":[{"name":"wp","href":"https:\/\/api.w.org\/{rel}","templated":true}]}}